{"id":20,"date":"2015-03-17T22:51:38","date_gmt":"2015-03-17T21:51:38","guid":{"rendered":"http:\/\/marionreuter.com\/?page_id=20"},"modified":"2022-10-06T13:35:36","modified_gmt":"2022-10-06T12:35:36","slug":"kontakt-2","status":"publish","type":"page","link":"https:\/\/marionreuter.com\/?page_id=20","title":{"rendered":"Wie Sie mich erreichen k\u00f6nnen\/Impressum"},"content":{"rendered":"<h2>Angaben gem\u00e4\u00df \u00a7 5 TMG<\/h2>\n<p>Marion Reuter<br \/>\n\u00dcbersetzerin<br \/>\n4 rue Bellot<br \/>\n75019 Paris<\/p>\n<h2>Kontakt<\/h2>\n<p>Telefon\u00a0 00 33 1 73 74 87 53<br \/>\nfranz\u00f6sisches Handy\u00a0\u00a0\u00a0\u00a0\u00a0 00 33 6 17 43 27 15<br \/>\nE-Mail: marion@marionreuter.com<\/p>\n<p>https:\/\/www.linkedin.com\/in\/marionreutertranslations<br \/>\nN\u00b0 SIRET\u00a0 48052825600021<\/p>\n<h2>Verantwortlich f\u00fcr den Inhalt nach \u00a7 55 Abs. 2 RStV<\/h2>\n<p>Marion Reuter<br \/>\n4 rue Bellot<br \/>\n75019 Paris<\/p>\n<h2>Streitschlichtung<\/h2>\n<p>Die Europ\u00e4ische Kommission stellt eine Plattform zur Online-Streitbeilegung (OS) bereit: <a href=\"https:\/\/ec.europa.eu\/consumers\/odr\" target=\"_blank\" rel=\"noopener noreferrer\">https:\/\/ec.europa.eu\/consumers\/odr<\/a>.<br \/>\nUnsere E-Mail-Adresse finden Sie oben im Impressum.<\/p>\n<p>Wir sind nicht bereit oder verpflichtet, an Streitbeilegungsverfahren vor einer Verbraucherschlichtungsstelle teilzunehmen.<\/p>\n<h3>Haftung f\u00fcr Inhalte<\/h3>\n<p>Als Diensteanbieter sind wir gem\u00e4\u00df \u00a7 7 Abs.1 TMG f\u00fcr eigene Inhalte auf diesen Seiten nach den allgemeinen Gesetzen verantwortlich. Nach \u00a7\u00a7 8 bis 10 TMG sind wir als Diensteanbieter jedoch nicht verpflichtet, \u00fcbermittelte oder gespeicherte fremde Informationen zu \u00fcberwachen oder nach Umst\u00e4nden zu forschen, die auf eine rechtswidrige T\u00e4tigkeit hinweisen.<\/p>\n<p>Verpflichtungen zur Entfernung oder Sperrung der Nutzung von Informationen nach den allgemeinen Gesetzen bleiben hiervon unber\u00fchrt. Eine diesbez\u00fcgliche Haftung ist jedoch erst ab dem Zeitpunkt der Kenntnis einer konkreten Rechtsverletzung m\u00f6glich. Bei Bekanntwerden von entsprechenden Rechtsverletzungen werden wir diese Inhalte umgehend entfernen.<\/p>\n<h3>Haftung f\u00fcr Links<\/h3>\n<p>Unser Angebot enth\u00e4lt Links zu externen Websites Dritter, auf deren Inhalte wir keinen Einfluss haben. Deshalb k\u00f6nnen wir f\u00fcr diese fremden Inhalte auch keine Gew\u00e4hr \u00fcbernehmen. F\u00fcr die Inhalte der verlinkten Seiten ist stets der jeweilige Anbieter oder Betreiber der Seiten verantwortlich. Die verlinkten Seiten wurden zum Zeitpunkt der Verlinkung auf m\u00f6gliche Rechtsverst\u00f6\u00dfe \u00fcberpr\u00fcft. Rechtswidrige Inhalte waren zum Zeitpunkt der Verlinkung nicht erkennbar.<\/p>\n<p>Eine permanente inhaltliche Kontrolle der verlinkten Seiten ist jedoch ohne konkrete Anhaltspunkte einer Rechtsverletzung nicht zumutbar. Bei Bekanntwerden von Rechtsverletzungen werden wir derartige Links umgehend entfernen.<\/p>\n<h3>Urheberrecht<\/h3>\n<p>Die durch die Seitenbetreiber erstellten Inhalte und Werke auf diesen Seiten unterliegen dem deutschen Urheberrecht. Die Vervielf\u00e4ltigung, Bearbeitung, Verbreitung und jede Art der Verwertung au\u00dferhalb der Grenzen des Urheberrechtes bed\u00fcrfen der schriftlichen Zustimmung des jeweiligen Autors bzw. Erstellers. Downloads und Kopien dieser Seite sind nur f\u00fcr den privaten, nicht kommerziellen Gebrauch gestattet.<\/p>\n<p>Soweit die Inhalte auf dieser Seite nicht vom Betreiber erstellt wurden, werden die Urheberrechte Dritter beachtet. Insbesondere werden Inhalte Dritter als solche gekennzeichnet. Sollten Sie trotzdem auf eine Urheberrechtsverletzung aufmerksam werden, bitten wir um einen entsprechenden Hinweis. Bei Bekanntwerden von Rechtsverletzungen werden wir derartige Inhalte umgehend entfernen.<\/p>\n","protected":false},"excerpt":{"rendered":"<p>Angaben gem\u00e4\u00df \u00a7 5 TMG Marion Reuter \u00dcbersetzerin 4 rue Bellot 75019 Paris Kontakt Telefon\u00a0 00 33 1 73 74 87 53 franz\u00f6sisches Handy\u00a0\u00a0\u00a0\u00a0\u00a0 00 33 6 17 43 27 15 E-Mail: marion@marionreuter.com https:\/\/www.linkedin.com\/in\/marionreutertranslations N\u00b0 SIRET\u00a0 48052825600021 Verantwortlich f\u00fcr den Inhalt nach \u00a7 55 Abs. 2 RStV Marion Reuter 4 rue Bellot 75019 Paris Streitschlichtung &hellip; <a href=\"https:\/\/marionreuter.com\/?page_id=20\" class=\"more-link\"><span class=\"screen-reader-text\">Wie Sie mich erreichen k\u00f6nnen\/Impressum<\/span> weiterlesen <span class=\"meta-nav\">&rarr;<\/span><\/a><\/p>\n","protected":false},"author":1,"featured_media":0,"parent":0,"menu_order":5,"comment_status":"closed","ping_status":"closed","template":"","meta":{"footnotes":""},"class_list":["post-20","page","type-page","status-publish","hentry"],"yoast_head":"<!-- This site is optimized with the Yoast SEO plugin v27.0 - https:\/\/yoast.com\/product\/yoast-seo-wordpress\/ -->\n<title>Traductions. Translations. \u00dcbersetzungen. Paris<\/title>\n<meta name=\"description\" content=\"Traduction du fran\u00e7ais vers l\u2019allemand et de l\u2019anglais vers l\u2019allemand ; r\u00e9vision et relecture de textes allemands.\" \/>\n<meta name=\"robots\" content=\"index, follow, max-snippet:-1, max-image-preview:large, max-video-preview:-1\" \/>\n<link rel=\"canonical\" href=\"https:\/\/marionreuter.com\/?page_id=20\" \/>\n<meta property=\"og:locale\" content=\"de_DE\" \/>\n<meta property=\"og:type\" content=\"article\" \/>\n<meta property=\"og:title\" content=\"Traductions. Translations. \u00dcbersetzungen. Paris\" \/>\n<meta property=\"og:description\" content=\"Traduction du fran\u00e7ais vers l\u2019allemand et de l\u2019anglais vers l\u2019allemand ; r\u00e9vision et relecture de textes allemands.\" \/>\n<meta property=\"og:url\" content=\"https:\/\/marionreuter.com\/?page_id=20\" \/>\n<meta property=\"og:site_name\" content=\"Marion Reuter\" \/>\n<meta property=\"article:modified_time\" content=\"2022-10-06T12:35:36+00:00\" \/>\n<meta name=\"twitter:card\" content=\"summary_large_image\" \/>\n<meta name=\"twitter:label1\" content=\"Gesch\u00e4tzte Lesezeit\" \/>\n\t<meta name=\"twitter:data1\" content=\"3\u00a0Minuten\" \/>\n<script type=\"application\/ld+json\" class=\"yoast-schema-graph\">{\"@context\":\"https:\/\/schema.org\",\"@graph\":[{\"@type\":\"WebPage\",\"@id\":\"https:\/\/marionreuter.com\/?page_id=20\",\"url\":\"https:\/\/marionreuter.com\/?page_id=20\",\"name\":\"Traductions. Translations. \u00dcbersetzungen. Paris\",\"isPartOf\":{\"@id\":\"https:\/\/marionreuter.com\/#website\"},\"datePublished\":\"2015-03-17T21:51:38+00:00\",\"dateModified\":\"2022-10-06T12:35:36+00:00\",\"description\":\"Traduction du fran\u00e7ais vers l\u2019allemand et de l\u2019anglais vers l\u2019allemand ; r\u00e9vision et relecture de textes allemands.\",\"breadcrumb\":{\"@id\":\"https:\/\/marionreuter.com\/?page_id=20#breadcrumb\"},\"inLanguage\":\"de\",\"potentialAction\":[{\"@type\":\"ReadAction\",\"target\":[\"https:\/\/marionreuter.com\/?page_id=20\"]}]},{\"@type\":\"BreadcrumbList\",\"@id\":\"https:\/\/marionreuter.com\/?page_id=20#breadcrumb\",\"itemListElement\":[{\"@type\":\"ListItem\",\"position\":1,\"name\":\"Home\",\"item\":\"https:\/\/marionreuter.com\/\"},{\"@type\":\"ListItem\",\"position\":2,\"name\":\"Wie Sie mich erreichen k\u00f6nnen\/Impressum\"}]},{\"@type\":\"WebSite\",\"@id\":\"https:\/\/marionreuter.com\/#website\",\"url\":\"https:\/\/marionreuter.com\/\",\"name\":\"Marion Reuter\",\"description\":\"\u00dcbersetzungen ~ Traductions ~ Translations\",\"potentialAction\":[{\"@type\":\"SearchAction\",\"target\":{\"@type\":\"EntryPoint\",\"urlTemplate\":\"https:\/\/marionreuter.com\/?s={search_term_string}\"},\"query-input\":{\"@type\":\"PropertyValueSpecification\",\"valueRequired\":true,\"valueName\":\"search_term_string\"}}],\"inLanguage\":\"de\"}]}<\/script>\n<!-- \/ Yoast SEO plugin. -->","yoast_head_json":{"title":"Traductions. Translations. \u00dcbersetzungen. Paris","description":"Traduction du fran\u00e7ais vers l\u2019allemand et de l\u2019anglais vers l\u2019allemand ; r\u00e9vision et relecture de textes allemands.","robots":{"index":"index","follow":"follow","max-snippet":"max-snippet:-1","max-image-preview":"max-image-preview:large","max-video-preview":"max-video-preview:-1"},"canonical":"https:\/\/marionreuter.com\/?page_id=20","og_locale":"de_DE","og_type":"article","og_title":"Traductions. Translations. \u00dcbersetzungen. Paris","og_description":"Traduction du fran\u00e7ais vers l\u2019allemand et de l\u2019anglais vers l\u2019allemand ; r\u00e9vision et relecture de textes allemands.","og_url":"https:\/\/marionreuter.com\/?page_id=20","og_site_name":"Marion Reuter","article_modified_time":"2022-10-06T12:35:36+00:00","twitter_card":"summary_large_image","twitter_misc":{"Gesch\u00e4tzte Lesezeit":"3\u00a0Minuten"},"schema":{"@context":"https:\/\/schema.org","@graph":[{"@type":"WebPage","@id":"https:\/\/marionreuter.com\/?page_id=20","url":"https:\/\/marionreuter.com\/?page_id=20","name":"Traductions. Translations. \u00dcbersetzungen. Paris","isPartOf":{"@id":"https:\/\/marionreuter.com\/#website"},"datePublished":"2015-03-17T21:51:38+00:00","dateModified":"2022-10-06T12:35:36+00:00","description":"Traduction du fran\u00e7ais vers l\u2019allemand et de l\u2019anglais vers l\u2019allemand ; r\u00e9vision et relecture de textes allemands.","breadcrumb":{"@id":"https:\/\/marionreuter.com\/?page_id=20#breadcrumb"},"inLanguage":"de","potentialAction":[{"@type":"ReadAction","target":["https:\/\/marionreuter.com\/?page_id=20"]}]},{"@type":"BreadcrumbList","@id":"https:\/\/marionreuter.com\/?page_id=20#breadcrumb","itemListElement":[{"@type":"ListItem","position":1,"name":"Home","item":"https:\/\/marionreuter.com\/"},{"@type":"ListItem","position":2,"name":"Wie Sie mich erreichen k\u00f6nnen\/Impressum"}]},{"@type":"WebSite","@id":"https:\/\/marionreuter.com\/#website","url":"https:\/\/marionreuter.com\/","name":"Marion Reuter","description":"\u00dcbersetzungen ~ Traductions ~ Translations","potentialAction":[{"@type":"SearchAction","target":{"@type":"EntryPoint","urlTemplate":"https:\/\/marionreuter.com\/?s={search_term_string}"},"query-input":{"@type":"PropertyValueSpecification","valueRequired":true,"valueName":"search_term_string"}}],"inLanguage":"de"}]}},"_links":{"self":[{"href":"https:\/\/marionreuter.com\/index.php?rest_route=\/wp\/v2\/pages\/20","targetHints":{"allow":["GET"]}}],"collection":[{"href":"https:\/\/marionreuter.com\/index.php?rest_route=\/wp\/v2\/pages"}],"about":[{"href":"https:\/\/marionreuter.com\/index.php?rest_route=\/wp\/v2\/types\/page"}],"author":[{"embeddable":true,"href":"https:\/\/marionreuter.com\/index.php?rest_route=\/wp\/v2\/users\/1"}],"replies":[{"embeddable":true,"href":"https:\/\/marionreuter.com\/index.php?rest_route=%2Fwp%2Fv2%2Fcomments&post=20"}],"version-history":[{"count":14,"href":"https:\/\/marionreuter.com\/index.php?rest_route=\/wp\/v2\/pages\/20\/revisions"}],"predecessor-version":[{"id":240,"href":"https:\/\/marionreuter.com\/index.php?rest_route=\/wp\/v2\/pages\/20\/revisions\/240"}],"wp:attachment":[{"href":"https:\/\/marionreuter.com\/index.php?rest_route=%2Fwp%2Fv2%2Fmedia&parent=20"}],"curies":[{"name":"wp","href":"https:\/\/api.w.org\/{rel}","templated":true}]}}