{"id":71,"date":"2015-03-19T12:57:56","date_gmt":"2015-03-19T11:57:56","guid":{"rendered":"http:\/\/marionreuter.com\/?page_id=71"},"modified":"2015-04-29T18:24:45","modified_gmt":"2015-04-29T17:24:45","slug":"bienvenue","status":"publish","type":"page","link":"https:\/\/marionreuter.com\/?page_id=71","title":{"rendered":"Bienvenue !"},"content":{"rendered":"<p><strong>Marion Reuter<\/strong><\/p>\n<p><em>Traductions\u00a0\u00a0 fran\u00e7ais \u2013&gt; allemand et anglais \u2013&gt; allemand<\/em><br \/>\nR\u00e9vision<br \/>\nRelecture<\/p>\n<p>Dipl\u00f4m\u00e9e de l&#8217;ESIT<br \/>\nMembre du Bd\u00dc<\/p>\n<p><a href=\"http:\/\/marionreuter.com\/wp-content\/uploads\/2015\/03\/Marion-Reuter.jpg\"><img loading=\"lazy\" decoding=\"async\" class=\"alignnone size-medium wp-image-18\" src=\"http:\/\/marionreuter.com\/wp-content\/uploads\/2015\/03\/Marion-Reuter-200x300.jpg\" alt=\"Marion Reuter\" width=\"200\" height=\"300\" srcset=\"https:\/\/marionreuter.com\/wp-content\/uploads\/2015\/03\/Marion-Reuter-200x300.jpg 200w, https:\/\/marionreuter.com\/wp-content\/uploads\/2015\/03\/Marion-Reuter-683x1024.jpg 683w\" sizes=\"auto, (max-width: 200px) 100vw, 200px\" \/><\/a><\/p>\n","protected":false},"excerpt":{"rendered":"<p>Marion Reuter Traductions\u00a0\u00a0 fran\u00e7ais \u2013&gt; allemand et anglais \u2013&gt; allemand R\u00e9vision Relecture Dipl\u00f4m\u00e9e de l&#8217;ESIT Membre du Bd\u00dc<\/p>\n","protected":false},"author":1,"featured_media":0,"parent":0,"menu_order":0,"comment_status":"closed","ping_status":"closed","template":"","meta":{"footnotes":""},"class_list":["post-71","page","type-page","status-publish","hentry"],"yoast_head":"<!-- This site is optimized with the Yoast SEO plugin v27.0 - https:\/\/yoast.com\/product\/yoast-seo-wordpress\/ -->\n<title>Traductions. Translations. \u00dcbersetzungen. Paris<\/title>\n<meta name=\"description\" content=\"Traduction du fran\u00e7ais vers l\u2019allemand et de l\u2019anglais vers l\u2019allemand ; r\u00e9vision et relecture de textes allemands.\" \/>\n<meta name=\"robots\" content=\"index, follow, max-snippet:-1, max-image-preview:large, max-video-preview:-1\" \/>\n<link rel=\"canonical\" href=\"https:\/\/marionreuter.com\/?page_id=71\" \/>\n<meta property=\"og:locale\" content=\"de_DE\" \/>\n<meta property=\"og:type\" content=\"article\" \/>\n<meta property=\"og:title\" content=\"Traductions. Translations. \u00dcbersetzungen. Paris\" \/>\n<meta property=\"og:description\" content=\"Traduction du fran\u00e7ais vers l\u2019allemand et de l\u2019anglais vers l\u2019allemand ; r\u00e9vision et relecture de textes allemands.\" \/>\n<meta property=\"og:url\" content=\"https:\/\/marionreuter.com\/?page_id=71\" \/>\n<meta property=\"og:site_name\" content=\"Marion Reuter\" \/>\n<meta property=\"article:modified_time\" content=\"2015-04-29T17:24:45+00:00\" \/>\n<meta property=\"og:image\" content=\"http:\/\/marionreuter.com\/wp-content\/uploads\/2015\/03\/Marion-Reuter-200x300.jpg\" \/>\n<meta name=\"twitter:card\" content=\"summary_large_image\" \/>\n<script type=\"application\/ld+json\" class=\"yoast-schema-graph\">{\"@context\":\"https:\/\/schema.org\",\"@graph\":[{\"@type\":\"WebPage\",\"@id\":\"https:\/\/marionreuter.com\/?page_id=71\",\"url\":\"https:\/\/marionreuter.com\/?page_id=71\",\"name\":\"Traductions. Translations. \u00dcbersetzungen. Paris\",\"isPartOf\":{\"@id\":\"https:\/\/marionreuter.com\/#website\"},\"primaryImageOfPage\":{\"@id\":\"https:\/\/marionreuter.com\/?page_id=71#primaryimage\"},\"image\":{\"@id\":\"https:\/\/marionreuter.com\/?page_id=71#primaryimage\"},\"thumbnailUrl\":\"http:\/\/marionreuter.com\/wp-content\/uploads\/2015\/03\/Marion-Reuter-200x300.jpg\",\"datePublished\":\"2015-03-19T11:57:56+00:00\",\"dateModified\":\"2015-04-29T17:24:45+00:00\",\"description\":\"Traduction du fran\u00e7ais vers l\u2019allemand et de l\u2019anglais vers l\u2019allemand ; r\u00e9vision et relecture de textes allemands.\",\"breadcrumb\":{\"@id\":\"https:\/\/marionreuter.com\/?page_id=71#breadcrumb\"},\"inLanguage\":\"de\",\"potentialAction\":[{\"@type\":\"ReadAction\",\"target\":[\"https:\/\/marionreuter.com\/?page_id=71\"]}]},{\"@type\":\"ImageObject\",\"inLanguage\":\"de\",\"@id\":\"https:\/\/marionreuter.com\/?page_id=71#primaryimage\",\"url\":\"http:\/\/marionreuter.com\/wp-content\/uploads\/2015\/03\/Marion-Reuter-200x300.jpg\",\"contentUrl\":\"http:\/\/marionreuter.com\/wp-content\/uploads\/2015\/03\/Marion-Reuter-200x300.jpg\"},{\"@type\":\"BreadcrumbList\",\"@id\":\"https:\/\/marionreuter.com\/?page_id=71#breadcrumb\",\"itemListElement\":[{\"@type\":\"ListItem\",\"position\":1,\"name\":\"Home\",\"item\":\"https:\/\/marionreuter.com\/\"},{\"@type\":\"ListItem\",\"position\":2,\"name\":\"Bienvenue !\"}]},{\"@type\":\"WebSite\",\"@id\":\"https:\/\/marionreuter.com\/#website\",\"url\":\"https:\/\/marionreuter.com\/\",\"name\":\"Marion Reuter\",\"description\":\"\u00dcbersetzungen ~ Traductions ~ Translations\",\"potentialAction\":[{\"@type\":\"SearchAction\",\"target\":{\"@type\":\"EntryPoint\",\"urlTemplate\":\"https:\/\/marionreuter.com\/?s={search_term_string}\"},\"query-input\":{\"@type\":\"PropertyValueSpecification\",\"valueRequired\":true,\"valueName\":\"search_term_string\"}}],\"inLanguage\":\"de\"}]}<\/script>\n<!-- \/ Yoast SEO plugin. -->","yoast_head_json":{"title":"Traductions. Translations. \u00dcbersetzungen. Paris","description":"Traduction du fran\u00e7ais vers l\u2019allemand et de l\u2019anglais vers l\u2019allemand ; r\u00e9vision et relecture de textes allemands.","robots":{"index":"index","follow":"follow","max-snippet":"max-snippet:-1","max-image-preview":"max-image-preview:large","max-video-preview":"max-video-preview:-1"},"canonical":"https:\/\/marionreuter.com\/?page_id=71","og_locale":"de_DE","og_type":"article","og_title":"Traductions. Translations. \u00dcbersetzungen. Paris","og_description":"Traduction du fran\u00e7ais vers l\u2019allemand et de l\u2019anglais vers l\u2019allemand ; r\u00e9vision et relecture de textes allemands.","og_url":"https:\/\/marionreuter.com\/?page_id=71","og_site_name":"Marion Reuter","article_modified_time":"2015-04-29T17:24:45+00:00","og_image":[{"url":"http:\/\/marionreuter.com\/wp-content\/uploads\/2015\/03\/Marion-Reuter-200x300.jpg","type":"","width":"","height":""}],"twitter_card":"summary_large_image","schema":{"@context":"https:\/\/schema.org","@graph":[{"@type":"WebPage","@id":"https:\/\/marionreuter.com\/?page_id=71","url":"https:\/\/marionreuter.com\/?page_id=71","name":"Traductions. Translations. \u00dcbersetzungen. Paris","isPartOf":{"@id":"https:\/\/marionreuter.com\/#website"},"primaryImageOfPage":{"@id":"https:\/\/marionreuter.com\/?page_id=71#primaryimage"},"image":{"@id":"https:\/\/marionreuter.com\/?page_id=71#primaryimage"},"thumbnailUrl":"http:\/\/marionreuter.com\/wp-content\/uploads\/2015\/03\/Marion-Reuter-200x300.jpg","datePublished":"2015-03-19T11:57:56+00:00","dateModified":"2015-04-29T17:24:45+00:00","description":"Traduction du fran\u00e7ais vers l\u2019allemand et de l\u2019anglais vers l\u2019allemand ; r\u00e9vision et relecture de textes allemands.","breadcrumb":{"@id":"https:\/\/marionreuter.com\/?page_id=71#breadcrumb"},"inLanguage":"de","potentialAction":[{"@type":"ReadAction","target":["https:\/\/marionreuter.com\/?page_id=71"]}]},{"@type":"ImageObject","inLanguage":"de","@id":"https:\/\/marionreuter.com\/?page_id=71#primaryimage","url":"http:\/\/marionreuter.com\/wp-content\/uploads\/2015\/03\/Marion-Reuter-200x300.jpg","contentUrl":"http:\/\/marionreuter.com\/wp-content\/uploads\/2015\/03\/Marion-Reuter-200x300.jpg"},{"@type":"BreadcrumbList","@id":"https:\/\/marionreuter.com\/?page_id=71#breadcrumb","itemListElement":[{"@type":"ListItem","position":1,"name":"Home","item":"https:\/\/marionreuter.com\/"},{"@type":"ListItem","position":2,"name":"Bienvenue !"}]},{"@type":"WebSite","@id":"https:\/\/marionreuter.com\/#website","url":"https:\/\/marionreuter.com\/","name":"Marion Reuter","description":"\u00dcbersetzungen ~ Traductions ~ Translations","potentialAction":[{"@type":"SearchAction","target":{"@type":"EntryPoint","urlTemplate":"https:\/\/marionreuter.com\/?s={search_term_string}"},"query-input":{"@type":"PropertyValueSpecification","valueRequired":true,"valueName":"search_term_string"}}],"inLanguage":"de"}]}},"_links":{"self":[{"href":"https:\/\/marionreuter.com\/index.php?rest_route=\/wp\/v2\/pages\/71","targetHints":{"allow":["GET"]}}],"collection":[{"href":"https:\/\/marionreuter.com\/index.php?rest_route=\/wp\/v2\/pages"}],"about":[{"href":"https:\/\/marionreuter.com\/index.php?rest_route=\/wp\/v2\/types\/page"}],"author":[{"embeddable":true,"href":"https:\/\/marionreuter.com\/index.php?rest_route=\/wp\/v2\/users\/1"}],"replies":[{"embeddable":true,"href":"https:\/\/marionreuter.com\/index.php?rest_route=%2Fwp%2Fv2%2Fcomments&post=71"}],"version-history":[{"count":8,"href":"https:\/\/marionreuter.com\/index.php?rest_route=\/wp\/v2\/pages\/71\/revisions"}],"predecessor-version":[{"id":175,"href":"https:\/\/marionreuter.com\/index.php?rest_route=\/wp\/v2\/pages\/71\/revisions\/175"}],"wp:attachment":[{"href":"https:\/\/marionreuter.com\/index.php?rest_route=%2Fwp%2Fv2%2Fmedia&parent=71"}],"curies":[{"name":"wp","href":"https:\/\/api.w.org\/{rel}","templated":true}]}}