{"id":77,"date":"2015-03-19T12:58:49","date_gmt":"2015-03-19T11:58:49","guid":{"rendered":"http:\/\/marionreuter.com\/?page_id=77"},"modified":"2016-01-11T20:40:12","modified_gmt":"2016-01-11T19:40:12","slug":"mon-profil","status":"publish","type":"page","link":"https:\/\/marionreuter.com\/?page_id=77","title":{"rendered":"Ce qu&#8217;il faut savoir sur la traductrice"},"content":{"rendered":"<p><strong>Guten Tag ! Bonjour ! Hello !<\/strong><\/p>\n<p>Originaire de la For\u00eat-Noire, j\u2019ai suivi toute ma scolarit\u00e9 dans cette belle contr\u00e9e du sud de l\u2019Allemagne. En 1993, apr\u00e8s des \u00e9tudes de socio-p\u00e9dagogie et une premi\u00e8re exp\u00e9rience professionnelle, j\u2019ai d\u00e9cid\u00e9 de m\u2019installer \u00e0 Paris. Une fois le premier choc culturel pass\u00e9 (au d\u00e9but, j\u2019ai essay\u00e9 d\u2019apprendre aux automobilistes parisiens de s\u2019arr\u00eater devant un passage pi\u00e9ton\u00a0! Oui, oui, je sais\u00a0; ne dites rien\u00a0!), tout s\u2019est tr\u00e8s bien d\u00e9roul\u00e9.<\/p>\n<p>Au cours de ma carri\u00e8re, j\u2019ai travaill\u00e9 dans presque tous les environnements imaginables\u00a0: au sein d\u2019une structure municipale pour jeunes, dans une association franco-allemande, pour une PME sp\u00e9cialis\u00e9e dans le bricolage et une multinationale du secteur informatique. J\u2019ai par ailleurs exerc\u00e9 durant 7 ans le m\u00e9tier de consultante interculturelle ind\u00e9pendante, facilitant l\u2019int\u00e9gration \u00e0 Paris des familles de cadres \u00e9trangers.<\/p>\n<p>Puis il a \u00e9t\u00e9 temps de combiner toutes ces connaissances interculturelles et mon amour des langues pour obtenir un Master en traduction \u00e0 l\u2019ESIT de Paris. Je travaille d\u00e9sormais en tant que traductrice ind\u00e9pendante pour des agences et des clients directs.<\/p>\n<p><strong>\u2026 ce qui fait la diff\u00e9rence \u2026<\/strong><\/p>\n<p>Il s\u2019est av\u00e9r\u00e9 \u00e0 maintes reprises que plus de deux d\u00e9cennies pass\u00e9es en Allemagne de m\u00eame qu\u2019en France influent directement sur la qualit\u00e9 de mon travail, car je sais naviguer entre les deux cultures et leurs fa\u00e7ons de s\u2019exprimer.<\/p>\n<p>Par exemple\u00a0: tandis qu\u2019un Fran\u00e7ais utilise volontiers des litotes et autres p\u00e9riphrases, un Allemand aura tendance \u00e0 s\u2019exprimer \u00ab\u00a0sans filtre\u00a0\u00bb et avec des mots tr\u00e8s clairs. Si l\u2019on veut r\u00e9ellement comprendre un texte et en restituer le sens, \u00e9viter \u00ab\u00a0fausses notes\u00a0\u00bb et malentendus, il faut \u00eatre sensibilis\u00e9e \u00e0 ces diff\u00e9rences et en tenir compte dans une traduction.<\/p>\n<p>Si l\u2019une de mes prestations vous int\u00e9resse ou si vous avez des questions, n\u2019h\u00e9sitez pas \u00e0 m\u2019envoyer un courriel ou \u00e0 m\u2019appeler. Je vous renseignerai avec plaisir.<\/p>\n<p>&nbsp;<\/p>\n<p>Merci de votre visite !<\/p>\n","protected":false},"excerpt":{"rendered":"<p>Guten Tag ! Bonjour ! Hello ! Originaire de la For\u00eat-Noire, j\u2019ai suivi toute ma scolarit\u00e9 dans cette belle contr\u00e9e du sud de l\u2019Allemagne. En 1993, apr\u00e8s des \u00e9tudes de socio-p\u00e9dagogie et une premi\u00e8re exp\u00e9rience professionnelle, j\u2019ai d\u00e9cid\u00e9 de m\u2019installer \u00e0 Paris. Une fois le premier choc culturel pass\u00e9 (au d\u00e9but, j\u2019ai essay\u00e9 d\u2019apprendre aux &hellip; <a href=\"https:\/\/marionreuter.com\/?page_id=77\" class=\"more-link\"><span class=\"screen-reader-text\">Ce qu&#8217;il faut savoir sur la traductrice<\/span> weiterlesen <span class=\"meta-nav\">&rarr;<\/span><\/a><\/p>\n","protected":false},"author":1,"featured_media":0,"parent":0,"menu_order":0,"comment_status":"closed","ping_status":"closed","template":"","meta":{"footnotes":""},"class_list":["post-77","page","type-page","status-publish","hentry"],"yoast_head":"<!-- This site is optimized with the Yoast SEO plugin v27.0 - https:\/\/yoast.com\/product\/yoast-seo-wordpress\/ -->\n<title>Traductions. Translations. \u00dcbersetzungen. Paris<\/title>\n<meta name=\"description\" content=\"Traduction du fran\u00e7ais vers l\u2019allemand et de l\u2019anglais vers l\u2019allemand ; r\u00e9vision et relecture de textes allemands.\" \/>\n<meta name=\"robots\" content=\"index, follow, max-snippet:-1, max-image-preview:large, max-video-preview:-1\" \/>\n<link rel=\"canonical\" href=\"https:\/\/marionreuter.com\/?page_id=77\" \/>\n<meta property=\"og:locale\" content=\"de_DE\" \/>\n<meta property=\"og:type\" content=\"article\" \/>\n<meta property=\"og:title\" content=\"Traductions. Translations. \u00dcbersetzungen. Paris\" \/>\n<meta property=\"og:description\" content=\"Traduction du fran\u00e7ais vers l\u2019allemand et de l\u2019anglais vers l\u2019allemand ; r\u00e9vision et relecture de textes allemands.\" \/>\n<meta property=\"og:url\" content=\"https:\/\/marionreuter.com\/?page_id=77\" \/>\n<meta property=\"og:site_name\" content=\"Marion Reuter\" \/>\n<meta property=\"article:modified_time\" content=\"2016-01-11T19:40:12+00:00\" \/>\n<meta name=\"twitter:card\" content=\"summary_large_image\" \/>\n<meta name=\"twitter:label1\" content=\"Gesch\u00e4tzte Lesezeit\" \/>\n\t<meta name=\"twitter:data1\" content=\"2\u00a0Minuten\" \/>\n<script type=\"application\/ld+json\" class=\"yoast-schema-graph\">{\"@context\":\"https:\/\/schema.org\",\"@graph\":[{\"@type\":\"WebPage\",\"@id\":\"https:\/\/marionreuter.com\/?page_id=77\",\"url\":\"https:\/\/marionreuter.com\/?page_id=77\",\"name\":\"Traductions. Translations. \u00dcbersetzungen. Paris\",\"isPartOf\":{\"@id\":\"https:\/\/marionreuter.com\/#website\"},\"datePublished\":\"2015-03-19T11:58:49+00:00\",\"dateModified\":\"2016-01-11T19:40:12+00:00\",\"description\":\"Traduction du fran\u00e7ais vers l\u2019allemand et de l\u2019anglais vers l\u2019allemand ; r\u00e9vision et relecture de textes allemands.\",\"breadcrumb\":{\"@id\":\"https:\/\/marionreuter.com\/?page_id=77#breadcrumb\"},\"inLanguage\":\"de\",\"potentialAction\":[{\"@type\":\"ReadAction\",\"target\":[\"https:\/\/marionreuter.com\/?page_id=77\"]}]},{\"@type\":\"BreadcrumbList\",\"@id\":\"https:\/\/marionreuter.com\/?page_id=77#breadcrumb\",\"itemListElement\":[{\"@type\":\"ListItem\",\"position\":1,\"name\":\"Home\",\"item\":\"https:\/\/marionreuter.com\/\"},{\"@type\":\"ListItem\",\"position\":2,\"name\":\"Ce qu&#8217;il faut savoir sur la traductrice\"}]},{\"@type\":\"WebSite\",\"@id\":\"https:\/\/marionreuter.com\/#website\",\"url\":\"https:\/\/marionreuter.com\/\",\"name\":\"Marion Reuter\",\"description\":\"\u00dcbersetzungen ~ Traductions ~ Translations\",\"potentialAction\":[{\"@type\":\"SearchAction\",\"target\":{\"@type\":\"EntryPoint\",\"urlTemplate\":\"https:\/\/marionreuter.com\/?s={search_term_string}\"},\"query-input\":{\"@type\":\"PropertyValueSpecification\",\"valueRequired\":true,\"valueName\":\"search_term_string\"}}],\"inLanguage\":\"de\"}]}<\/script>\n<!-- \/ Yoast SEO plugin. -->","yoast_head_json":{"title":"Traductions. Translations. \u00dcbersetzungen. Paris","description":"Traduction du fran\u00e7ais vers l\u2019allemand et de l\u2019anglais vers l\u2019allemand ; r\u00e9vision et relecture de textes allemands.","robots":{"index":"index","follow":"follow","max-snippet":"max-snippet:-1","max-image-preview":"max-image-preview:large","max-video-preview":"max-video-preview:-1"},"canonical":"https:\/\/marionreuter.com\/?page_id=77","og_locale":"de_DE","og_type":"article","og_title":"Traductions. Translations. \u00dcbersetzungen. Paris","og_description":"Traduction du fran\u00e7ais vers l\u2019allemand et de l\u2019anglais vers l\u2019allemand ; r\u00e9vision et relecture de textes allemands.","og_url":"https:\/\/marionreuter.com\/?page_id=77","og_site_name":"Marion Reuter","article_modified_time":"2016-01-11T19:40:12+00:00","twitter_card":"summary_large_image","twitter_misc":{"Gesch\u00e4tzte Lesezeit":"2\u00a0Minuten"},"schema":{"@context":"https:\/\/schema.org","@graph":[{"@type":"WebPage","@id":"https:\/\/marionreuter.com\/?page_id=77","url":"https:\/\/marionreuter.com\/?page_id=77","name":"Traductions. Translations. \u00dcbersetzungen. Paris","isPartOf":{"@id":"https:\/\/marionreuter.com\/#website"},"datePublished":"2015-03-19T11:58:49+00:00","dateModified":"2016-01-11T19:40:12+00:00","description":"Traduction du fran\u00e7ais vers l\u2019allemand et de l\u2019anglais vers l\u2019allemand ; r\u00e9vision et relecture de textes allemands.","breadcrumb":{"@id":"https:\/\/marionreuter.com\/?page_id=77#breadcrumb"},"inLanguage":"de","potentialAction":[{"@type":"ReadAction","target":["https:\/\/marionreuter.com\/?page_id=77"]}]},{"@type":"BreadcrumbList","@id":"https:\/\/marionreuter.com\/?page_id=77#breadcrumb","itemListElement":[{"@type":"ListItem","position":1,"name":"Home","item":"https:\/\/marionreuter.com\/"},{"@type":"ListItem","position":2,"name":"Ce qu&#8217;il faut savoir sur la traductrice"}]},{"@type":"WebSite","@id":"https:\/\/marionreuter.com\/#website","url":"https:\/\/marionreuter.com\/","name":"Marion Reuter","description":"\u00dcbersetzungen ~ Traductions ~ Translations","potentialAction":[{"@type":"SearchAction","target":{"@type":"EntryPoint","urlTemplate":"https:\/\/marionreuter.com\/?s={search_term_string}"},"query-input":{"@type":"PropertyValueSpecification","valueRequired":true,"valueName":"search_term_string"}}],"inLanguage":"de"}]}},"_links":{"self":[{"href":"https:\/\/marionreuter.com\/index.php?rest_route=\/wp\/v2\/pages\/77","targetHints":{"allow":["GET"]}}],"collection":[{"href":"https:\/\/marionreuter.com\/index.php?rest_route=\/wp\/v2\/pages"}],"about":[{"href":"https:\/\/marionreuter.com\/index.php?rest_route=\/wp\/v2\/types\/page"}],"author":[{"embeddable":true,"href":"https:\/\/marionreuter.com\/index.php?rest_route=\/wp\/v2\/users\/1"}],"replies":[{"embeddable":true,"href":"https:\/\/marionreuter.com\/index.php?rest_route=%2Fwp%2Fv2%2Fcomments&post=77"}],"version-history":[{"count":5,"href":"https:\/\/marionreuter.com\/index.php?rest_route=\/wp\/v2\/pages\/77\/revisions"}],"predecessor-version":[{"id":199,"href":"https:\/\/marionreuter.com\/index.php?rest_route=\/wp\/v2\/pages\/77\/revisions\/199"}],"wp:attachment":[{"href":"https:\/\/marionreuter.com\/index.php?rest_route=%2Fwp%2Fv2%2Fmedia&parent=77"}],"curies":[{"name":"wp","href":"https:\/\/api.w.org\/{rel}","templated":true}]}}