{"id":79,"date":"2015-03-19T12:59:22","date_gmt":"2015-03-19T11:59:22","guid":{"rendered":"http:\/\/marionreuter.com\/?page_id=79"},"modified":"2018-11-21T16:00:01","modified_gmt":"2018-11-21T15:00:01","slug":"comment-me-joindre","status":"publish","type":"page","link":"https:\/\/marionreuter.com\/?page_id=79","title":{"rendered":"Comment me joindre\/mentions l\u00e9gales"},"content":{"rendered":"<p><strong>D\u00e9nomination<\/strong><br \/>\nMarion Reuter Traductions<br \/>\n4 rue Bellot<br \/>\n75019 Paris<\/p>\n<p>T\u00e9l\u00e9phone 01 73 74 87 53 ou 06 17 43 27 15<br \/>\nE-mail marion@marionreuter.com<br \/>\nhttps:\/\/www.linkedin.com\/in\/marionreutertranslations<\/p>\n<p><strong>Repr\u00e9sentante l\u00e9gale<\/strong><br \/>\nMarion Reuter<\/p>\n<p><strong>Num\u00e9ro d&#8217;immatriculation de l&#8217;entreprise<\/strong><br \/>\nSIRET 48052825600021<\/p>\n<p><strong>H\u00e9bergement du site internet<\/strong><br \/>\nSTRATO AG<br \/>\nPascalstra\u00dfe 10<br \/>\n10587 Berlin<br \/>\nT\u00e9l\u00e9phone\u00a000 33 30 300 146 0<br \/>\nFax 030\u2013886 15 111<br \/>\nE-mail impressum@strato.de<\/p>\n","protected":false},"excerpt":{"rendered":"<p>D\u00e9nomination Marion Reuter Traductions 4 rue Bellot 75019 Paris T\u00e9l\u00e9phone 01 73 74 87 53 ou 06 17 43 27 15 E-mail marion@marionreuter.com https:\/\/www.linkedin.com\/in\/marionreutertranslations Repr\u00e9sentante l\u00e9gale Marion Reuter Num\u00e9ro d&#8217;immatriculation de l&#8217;entreprise SIRET 48052825600021 H\u00e9bergement du site internet STRATO AG Pascalstra\u00dfe 10 10587 Berlin T\u00e9l\u00e9phone\u00a000 33 30 300 146 0 Fax 030\u2013886 15 111 E-mail &hellip; <a href=\"https:\/\/marionreuter.com\/?page_id=79\" class=\"more-link\"><span class=\"screen-reader-text\">Comment me joindre\/mentions l\u00e9gales<\/span> weiterlesen <span class=\"meta-nav\">&rarr;<\/span><\/a><\/p>\n","protected":false},"author":1,"featured_media":0,"parent":0,"menu_order":0,"comment_status":"closed","ping_status":"closed","template":"","meta":{"footnotes":""},"class_list":["post-79","page","type-page","status-publish","hentry"],"yoast_head":"<!-- This site is optimized with the Yoast SEO plugin v27.0 - https:\/\/yoast.com\/product\/yoast-seo-wordpress\/ -->\n<title>Traductions. Translations. \u00dcbersetzungen. Paris<\/title>\n<meta name=\"description\" content=\"Traduction du fran\u00e7ais vers l\u2019allemand et de l\u2019anglais vers l\u2019allemand ; r\u00e9vision et relecture de textes allemands.\" \/>\n<meta name=\"robots\" content=\"index, follow, max-snippet:-1, max-image-preview:large, max-video-preview:-1\" \/>\n<link rel=\"canonical\" href=\"https:\/\/marionreuter.com\/?page_id=79\" \/>\n<meta property=\"og:locale\" content=\"de_DE\" \/>\n<meta property=\"og:type\" content=\"article\" \/>\n<meta property=\"og:title\" content=\"Traductions. Translations. \u00dcbersetzungen. Paris\" \/>\n<meta property=\"og:description\" content=\"Traduction du fran\u00e7ais vers l\u2019allemand et de l\u2019anglais vers l\u2019allemand ; r\u00e9vision et relecture de textes allemands.\" \/>\n<meta property=\"og:url\" content=\"https:\/\/marionreuter.com\/?page_id=79\" \/>\n<meta property=\"og:site_name\" content=\"Marion Reuter\" \/>\n<meta property=\"article:modified_time\" content=\"2018-11-21T15:00:01+00:00\" \/>\n<meta name=\"twitter:card\" content=\"summary_large_image\" \/>\n<script type=\"application\/ld+json\" class=\"yoast-schema-graph\">{\"@context\":\"https:\/\/schema.org\",\"@graph\":[{\"@type\":\"WebPage\",\"@id\":\"https:\/\/marionreuter.com\/?page_id=79\",\"url\":\"https:\/\/marionreuter.com\/?page_id=79\",\"name\":\"Traductions. Translations. \u00dcbersetzungen. Paris\",\"isPartOf\":{\"@id\":\"https:\/\/marionreuter.com\/#website\"},\"datePublished\":\"2015-03-19T11:59:22+00:00\",\"dateModified\":\"2018-11-21T15:00:01+00:00\",\"description\":\"Traduction du fran\u00e7ais vers l\u2019allemand et de l\u2019anglais vers l\u2019allemand ; r\u00e9vision et relecture de textes allemands.\",\"breadcrumb\":{\"@id\":\"https:\/\/marionreuter.com\/?page_id=79#breadcrumb\"},\"inLanguage\":\"de\",\"potentialAction\":[{\"@type\":\"ReadAction\",\"target\":[\"https:\/\/marionreuter.com\/?page_id=79\"]}]},{\"@type\":\"BreadcrumbList\",\"@id\":\"https:\/\/marionreuter.com\/?page_id=79#breadcrumb\",\"itemListElement\":[{\"@type\":\"ListItem\",\"position\":1,\"name\":\"Home\",\"item\":\"https:\/\/marionreuter.com\/\"},{\"@type\":\"ListItem\",\"position\":2,\"name\":\"Comment me joindre\/mentions l\u00e9gales\"}]},{\"@type\":\"WebSite\",\"@id\":\"https:\/\/marionreuter.com\/#website\",\"url\":\"https:\/\/marionreuter.com\/\",\"name\":\"Marion Reuter\",\"description\":\"\u00dcbersetzungen ~ Traductions ~ Translations\",\"potentialAction\":[{\"@type\":\"SearchAction\",\"target\":{\"@type\":\"EntryPoint\",\"urlTemplate\":\"https:\/\/marionreuter.com\/?s={search_term_string}\"},\"query-input\":{\"@type\":\"PropertyValueSpecification\",\"valueRequired\":true,\"valueName\":\"search_term_string\"}}],\"inLanguage\":\"de\"}]}<\/script>\n<!-- \/ Yoast SEO plugin. -->","yoast_head_json":{"title":"Traductions. Translations. \u00dcbersetzungen. Paris","description":"Traduction du fran\u00e7ais vers l\u2019allemand et de l\u2019anglais vers l\u2019allemand ; r\u00e9vision et relecture de textes allemands.","robots":{"index":"index","follow":"follow","max-snippet":"max-snippet:-1","max-image-preview":"max-image-preview:large","max-video-preview":"max-video-preview:-1"},"canonical":"https:\/\/marionreuter.com\/?page_id=79","og_locale":"de_DE","og_type":"article","og_title":"Traductions. Translations. \u00dcbersetzungen. Paris","og_description":"Traduction du fran\u00e7ais vers l\u2019allemand et de l\u2019anglais vers l\u2019allemand ; r\u00e9vision et relecture de textes allemands.","og_url":"https:\/\/marionreuter.com\/?page_id=79","og_site_name":"Marion Reuter","article_modified_time":"2018-11-21T15:00:01+00:00","twitter_card":"summary_large_image","schema":{"@context":"https:\/\/schema.org","@graph":[{"@type":"WebPage","@id":"https:\/\/marionreuter.com\/?page_id=79","url":"https:\/\/marionreuter.com\/?page_id=79","name":"Traductions. Translations. \u00dcbersetzungen. Paris","isPartOf":{"@id":"https:\/\/marionreuter.com\/#website"},"datePublished":"2015-03-19T11:59:22+00:00","dateModified":"2018-11-21T15:00:01+00:00","description":"Traduction du fran\u00e7ais vers l\u2019allemand et de l\u2019anglais vers l\u2019allemand ; r\u00e9vision et relecture de textes allemands.","breadcrumb":{"@id":"https:\/\/marionreuter.com\/?page_id=79#breadcrumb"},"inLanguage":"de","potentialAction":[{"@type":"ReadAction","target":["https:\/\/marionreuter.com\/?page_id=79"]}]},{"@type":"BreadcrumbList","@id":"https:\/\/marionreuter.com\/?page_id=79#breadcrumb","itemListElement":[{"@type":"ListItem","position":1,"name":"Home","item":"https:\/\/marionreuter.com\/"},{"@type":"ListItem","position":2,"name":"Comment me joindre\/mentions l\u00e9gales"}]},{"@type":"WebSite","@id":"https:\/\/marionreuter.com\/#website","url":"https:\/\/marionreuter.com\/","name":"Marion Reuter","description":"\u00dcbersetzungen ~ Traductions ~ Translations","potentialAction":[{"@type":"SearchAction","target":{"@type":"EntryPoint","urlTemplate":"https:\/\/marionreuter.com\/?s={search_term_string}"},"query-input":{"@type":"PropertyValueSpecification","valueRequired":true,"valueName":"search_term_string"}}],"inLanguage":"de"}]}},"_links":{"self":[{"href":"https:\/\/marionreuter.com\/index.php?rest_route=\/wp\/v2\/pages\/79","targetHints":{"allow":["GET"]}}],"collection":[{"href":"https:\/\/marionreuter.com\/index.php?rest_route=\/wp\/v2\/pages"}],"about":[{"href":"https:\/\/marionreuter.com\/index.php?rest_route=\/wp\/v2\/types\/page"}],"author":[{"embeddable":true,"href":"https:\/\/marionreuter.com\/index.php?rest_route=\/wp\/v2\/users\/1"}],"replies":[{"embeddable":true,"href":"https:\/\/marionreuter.com\/index.php?rest_route=%2Fwp%2Fv2%2Fcomments&post=79"}],"version-history":[{"count":4,"href":"https:\/\/marionreuter.com\/index.php?rest_route=\/wp\/v2\/pages\/79\/revisions"}],"predecessor-version":[{"id":225,"href":"https:\/\/marionreuter.com\/index.php?rest_route=\/wp\/v2\/pages\/79\/revisions\/225"}],"wp:attachment":[{"href":"https:\/\/marionreuter.com\/index.php?rest_route=%2Fwp%2Fv2%2Fmedia&parent=79"}],"curies":[{"name":"wp","href":"https:\/\/api.w.org\/{rel}","templated":true}]}}